{"id":140,"date":"2022-09-11T11:12:04","date_gmt":"2022-09-11T09:12:04","guid":{"rendered":"http:\/\/karolinamajer.pl\/?page_id=140"},"modified":"2024-09-07T09:31:38","modified_gmt":"2024-09-07T07:31:38","slug":"o-mnie","status":"publish","type":"page","link":"https:\/\/karolinamajer.pl\/o-mnie\/","title":{"rendered":"O mnie"},"content":{"rendered":"\n<div class=\"wp-block-media-text alignfull is-stacked-on-mobile is-vertically-aligned-center\" style=\"grid-template-columns:25% auto\"><figure class=\"wp-block-media-text__media\"><img loading=\"lazy\" decoding=\"async\" width=\"348\" height=\"381\" src=\"http:\/\/karolinamajer.pl\/wp-content\/uploads\/2022\/09\/Przechwytywanie-w-trybie-pelnoekranowym-12.09.2022-000239.bmp.jpg\" alt=\"\" class=\"wp-image-207 size-full\" srcset=\"https:\/\/karolinamajer.pl\/wp-content\/uploads\/2022\/09\/Przechwytywanie-w-trybie-pelnoekranowym-12.09.2022-000239.bmp.jpg 348w, https:\/\/karolinamajer.pl\/wp-content\/uploads\/2022\/09\/Przechwytywanie-w-trybie-pelnoekranowym-12.09.2022-000239.bmp-274x300.jpg 274w, https:\/\/karolinamajer.pl\/wp-content\/uploads\/2022\/09\/Przechwytywanie-w-trybie-pelnoekranowym-12.09.2022-000239.bmp-55x60.jpg 55w\" sizes=\"auto, (max-width: 348px) 100vw, 348px\" \/><\/figure><div class=\"wp-block-media-text__content\">\n<h3 class=\"wp-block-heading has-text-align-left has-text-color\" style=\"color:#000000\">Karolina Majer<\/h3>\n\n\n\n<p>Absolwentka Akademii Sztuk Pi\u0119knych w \u0141odzi oraz cz\u0142onek Stowarzyszenia Akwarelist\u00f3w Polskich<\/p>\n\n\n\n<figure class=\"wp-block-image size-large\"><a href=\"https:\/\/www.gallerystore.pl\/karolina-majer-ciejowska\" target=\"_blank\" rel=\"noopener\"><img loading=\"lazy\" decoding=\"async\" width=\"1024\" height=\"536\" src=\"http:\/\/karolinamajer.pl\/wp-content\/uploads\/2023\/01\/artysta-majer_granat-1024x536.jpg\" alt=\"\" class=\"wp-image-232\" srcset=\"https:\/\/karolinamajer.pl\/wp-content\/uploads\/2023\/01\/artysta-majer_granat-1024x536.jpg 1024w, https:\/\/karolinamajer.pl\/wp-content\/uploads\/2023\/01\/artysta-majer_granat-300x157.jpg 300w, https:\/\/karolinamajer.pl\/wp-content\/uploads\/2023\/01\/artysta-majer_granat-768x402.jpg 768w, https:\/\/karolinamajer.pl\/wp-content\/uploads\/2023\/01\/artysta-majer_granat-115x60.jpg 115w, https:\/\/karolinamajer.pl\/wp-content\/uploads\/2023\/01\/artysta-majer_granat.jpg 1200w\" sizes=\"auto, (max-width: 1024px) 100vw, 1024px\" \/><\/a><\/figure>\n<\/div><\/div>\n\n\n\n<p>Tworzy g\u0142\u00f3wnie w technice akwareli, cho\u0107 ma w swoim dorobku tak\u017ce oleje, akryle i pastele. Jak m\u00f3wi sama artystka: &#8222;Akwarela fascynuje mnie swoj\u0105 nieprzewidywalno\u015bci\u0105 &#8211; tak jak ludzkie \u017cycie &#8211; nigdy nie mo\u017cna do ko\u0144ca przewidzie\u0107, ani zaplanowa\u0107 finalnego efektu, a b\u0142\u0119du nie da si\u0119 poprawi\u0107&#8221;. Jej malarstwo przesycone jest nastrojem i ulotnym urokiem chwili- w barwnej plamie stara si\u0119 zamkn\u0105\u0107 wibruj\u0105ce od \u015bpiewu ptak\u00f3w powietrze, ciep\u0142y wiatr letni ta\u0144cz\u0105cy w\u015br\u00f3d kwiat\u00f3w, pachn\u0105ce porann\u0105 ros\u0105 i deszczem powietrze&#8230; jak dzieci\u0144stwa echa. Nastroje, wspomnienia i niedopowiedziane my\u015bli.<\/p>\n\n\n\n<p>Artystka posiada w swoim dorobku kilkana\u015bcie wystaw indywidualnych oraz zbiorowych &#8211; zar\u00f3wno w Polsce jak i Europie czy Azji. W 2019 roku zdoby\u0142a wyr\u00f3\u017cnienie w presti\u017cowym mi\u0119dzynarodowym konkursie ABU RAWASH PRIZE International Watercolor Contest. W roku 2020 zaj\u0119\u0142a 2 miejsce w kategorii pejza\u017c, w mi\u0119dzynarodowym konkursie towarzysz\u0105cym wystawie Polsko &#8211; Ukrai\u0144skiej, organizowanej przez International Watercolor Society.<\/p>\n\n\n\n<p><\/p>\n\n\n\n<p><strong>Wystawy:<\/strong><\/p>\n\n\n\n<p><strong><mark style=\"background-color:#fcb900\" class=\"has-inline-color has-black-color\">Ju\u017c wkr\u00f3tce : Wystawa indywidualna w Kole 22 listopada 2024<\/mark><\/strong><\/p>\n\n\n\n<p>Luty 2024 &#8211; wystawa zbiorowa SAP w Promie Kultury na Saskiej K\u0119pie<\/p>\n\n\n\n<p>Grudzie\u0144 2023 &#8211; Wystawa Stowarzyszenia Akwarelist\u00f3w Polskich Sala Kominkowa MDK Olesno<\/p>\n\n\n\n<p>Grudzie\u0144 2023 &#8211; Wystawa artyst\u00f3w plastyk\u00f3w i tw\u00f3rc\u00f3w rzemios\u0142a artystycznego z terenu Powiatu Radomszcza\u0144skiego &#8211; Muzeum Regionalne w Radomsku<\/p>\n\n\n\n<p>Grudzie\u0144 2023 &#8211; w\u0119druj\u0105ca wystawa Stowarzyszenia Akwarelist\u00f3w Polskich &#8211; Galeria Podlaska w Bia\u0142ej Podlaskiej<\/p>\n\n\n\n<p>Wrzesie\u0144 2023 &#8211; Wystawa zbiorowa SAP &#8211; Galeria Okna MBP w Lublinie<\/p>\n\n\n\n<p>Czerwiec 2023 &#8211; III edycja w\u0119druj\u0105cej wystawy Stowarzyszenia Akwarelist\u00f3w Polskich Galeria Parter Ksi\u0105\u017cnicy Podlaskiej w Bia\u0142ymstoku<\/p>\n\n\n\n<p>Czerwiec 2023 &#8211; Tykocin, Akwarela nad Narwi\u0105 &#8211; Plener malarski Stowarzyszenia Akwarelist\u00f3w Polskich i wystawa mokra<\/p>\n\n\n\n<p><br>Czerwiec 2022 &#8211; wystawa zbiorowa absolwent\u00f3w kier. malarstwo i rysunek w Akademii Sztuk Pi\u0119knych im. W\u0142adys\u0142awa Strzemi\u0144skiego w \u0141odzi<\/p>\n\n\n\n<p>luty 2022 &#8211; wystawa zbiorowa we Francji The Global Art Connection Watercolour Exposition France Poland 2022<\/p>\n\n\n\n<p>wrzesie\u0144 2021 &#8211; wystawa zbiorowa na Ukrainie w ramach IWET Our Wonderful World &#8211; Chark\u00f3w i Lw\u00f3w<\/p>\n\n\n\n<p>wrzesie\u0144 2021 &#8211; wystawa indywidualna w Galerii V w Radomsku<\/p>\n\n\n\n<p>marzec 2020 &#8211; wystawa zbiorowa po\u015bwi\u0119cona pami\u0119ci Agnieszki Osieckiej &#8222;Strofy na Strefie&#8221; &#8211; Portofine Radomsko<\/p>\n\n\n\n<p>stycze\u0144 2020 &#8211; wystawa zbiorowa SAP w PGE Giganty Mocy w Be\u0142chatowie<\/p>\n\n\n\n<p>grudzie\u0144 2019 &#8211; wystawa zbiorowa SAP w Muzeum Miasta Turek<\/p>\n\n\n\n<p>listopad 2019 &#8211; wystawa zbiorowa &#8222;Magia Miejsc&#8221; w Centrum Kultury Zamek we Wroc\u0142awiu<\/p>\n\n\n\n<p>listopad 2019 &#8211; wystawa zbiorowa SAP w Muzeum Regionalnym w Radomsku<\/p>\n\n\n\n<p>pa\u017adziernik 2019 &#8211; wystawa zbiorowa &#8222;Radomsko zwyczajne- niezwyczajne&#8221;<\/p>\n\n\n\n<p>lipiec 2019 wystawa zbiorowa w ramach II Mi\u0119dzynarodowej Wystawy w Varnie Bulgarii<\/p>\n\n\n\n<p>kwiecie\u0144 2019 \u2013 wystawa zbiorowa w ramach I Mi\u0119dzynarodowej Wystawy w Pa\u0142acu Parlamentu w Bukareszcie \u2013 Rumunia<\/p>\n\n\n\n<p>kwiecie\u0144 2019 \u2013 wystawa zbiorowa w Ho Chi Minh City Fine Arts Museum w Wietnamie<\/p>\n\n\n\n<p>kwiecie\u0144 2019 \u2013 wystawa zbiorowa podczas festiwalu akwareli w Urbino we W\u0142oszech<\/p>\n\n\n\n<p>luty 2019 \u2013 wystawa zbiorowa w Wy\u017cszej Szkole Ekologii i Zarz\u0105dzania w Warszawie<br>listopad 2018 &#8211; wystawa indywidualna w MDK w Radomsku &#8211; &#8222;Zapach ciszy&#8221;<\/p>\n\n\n\n<p>wrzesie\u0144 2018 \u2013 wystawa zbiorowa powi\u0105zana z 21 Sympozjum Akwarelowym w Pa\u0142acu Sztuki w Krakowie<\/p>\n\n\n\n<p>sierpie\u0144 2018 \u2013 wystawa zbiorowa w Galerii Pryzmat Krak\u00f3w<\/p>\n\n\n\n<p>lipiec 2018 &#8211; wystawa zbiorowa w Skaryszewie PODW\u00d3RKO SZTUKI ROMUALD KO\u0141ODZIEJ MGOK SKARYSZEW &#8211; wystawa malarstwa Stowarzyszenia Akwarelist\u00f3w Polskich<\/p>\n\n\n\n<p>kwiecie\u0144 2018 &#8211; wystawa mi\u0119dzynarodowa Fabriano Aquarello , Fabriano W\u0142ochy<\/p>\n\n\n\n<p>marzec 2018 &#8211; wystawa zbiorowa w Muzeum im. ks. dr. W\u0142adys\u0142awa \u0141\u0119gi w Grudzi\u0105dzu \u201eAkwarela \u2013 wystawa malarstwa Stowarzyszenia Akwarelist\u00f3w Polskich\u201d<\/p>\n\n\n\n<p>listopad 2017 \u2013 wystawa zbiorowa w Miejskiej Bibliotece Publicznej w Lublinie<\/p>\n\n\n\n<p>czerwiec 2017 &#8211; wystawa indywidualna w Miejskiej Bibliotece Publicznej \u0141\u00f3d\u017a-Polesie<\/p>\n\n\n\n<p>kwiecie\u0144 2017 &#8211; wystawa indywidualna w Centrum Kultury w G\u0142ucho\u0142azach<\/p>\n\n\n\n<p>kwiecie\u0144 2017 \u2013 wystawa mi\u0119dzynarodowa Fabriano Aquarello , Fabriano, praca w katalogu do wystawy<\/p>\n\n\n\n<p>marzec 2017 &#8211; wystawa zbiorowa prac plastycznych student\u00f3w i sympatyk\u00f3w Radomszcza\u0144skiego Uniwersytetu Trzeciego Wieku w Muzeum Regionalnym w Radomsku<\/p>\n\n\n\n<p>stycze\u0144 2017 &#8211; wystawa zbiorowa w ramach inicjatywy ARTRA Muzeum Regionalne w Radomsku<\/p>\n\n\n\n<p>grudzie\u0144 2016 &#8211; wystawa w Pracowni Dzia\u0142a\u0144 Tw\u00f3rczych  w Radomsku<\/p>\n\n\n\n<p>wrzesie\u0144 2016 &#8211; wystawa indywidualna w Gminnym O\u015brodku Kultury w Paw\u0142owicach<\/p>\n\n\n\n<p><\/p>\n\n\n\n<p><\/p>\n\n\n\n<p><\/p>\n\n\n\n<ul class=\"wp-block-social-links aligncenter is-style-default is-horizontal is-content-justification-center is-layout-flex wp-container-core-social-links-is-layout-499968f5 wp-block-social-links-is-layout-flex\"><li class=\"wp-social-link wp-social-link-facebook  wp-block-social-link\"><a rel=\"noopener nofollow\" target=\"_blank\" href=\"https:\/\/www.facebook.com\/malarstwo.netgaleria\" class=\"wp-block-social-link-anchor\"><svg width=\"24\" height=\"24\" viewBox=\"0 0 24 24\" version=\"1.1\" xmlns=\"http:\/\/www.w3.org\/2000\/svg\" aria-hidden=\"true\" focusable=\"false\"><path d=\"M12 2C6.5 2 2 6.5 2 12c0 5 3.7 9.1 8.4 9.9v-7H7.9V12h2.5V9.8c0-2.5 1.5-3.9 3.8-3.9 1.1 0 2.2.2 2.2.2v2.5h-1.3c-1.2 0-1.6.8-1.6 1.6V12h2.8l-.4 2.9h-2.3v7C18.3 21.1 22 17 22 12c0-5.5-4.5-10-10-10z\"><\/path><\/svg><span class=\"wp-block-social-link-label screen-reader-text\">Facebook<\/span><\/a><\/li>\n\n<li class=\"wp-social-link wp-social-link-deviantart  wp-block-social-link\"><a rel=\"noopener nofollow\" target=\"_blank\" href=\"https:\/\/www.deviantart.com\/majerk\/gallery\" class=\"wp-block-social-link-anchor\"><svg width=\"24\" height=\"24\" viewBox=\"0 0 24 24\" version=\"1.1\" xmlns=\"http:\/\/www.w3.org\/2000\/svg\" aria-hidden=\"true\" focusable=\"false\"><path d=\"M 18.19 5.636 18.19 2 18.188 2 14.553 2 14.19 2.366 12.474 5.636 11.935 6 5.81 6 5.81 10.994 9.177 10.994 9.477 11.357 5.81 18.363 5.81 22 5.811 22 9.447 22 9.81 21.634 11.526 18.364 12.065 18 18.19 18 18.19 13.006 14.823 13.006 14.523 12.641 18.19 5.636z\"><\/path><\/svg><span class=\"wp-block-social-link-label screen-reader-text\">DeviantArt<\/span><\/a><\/li>\n\n<li class=\"wp-social-link wp-social-link-instagram  wp-block-social-link\"><a rel=\"noopener nofollow\" target=\"_blank\" href=\"https:\/\/www.instagram.com\/karolinamajer_art\/\" class=\"wp-block-social-link-anchor\"><svg width=\"24\" height=\"24\" viewBox=\"0 0 24 24\" version=\"1.1\" xmlns=\"http:\/\/www.w3.org\/2000\/svg\" aria-hidden=\"true\" focusable=\"false\"><path d=\"M12,4.622c2.403,0,2.688,0.009,3.637,0.052c0.877,0.04,1.354,0.187,1.671,0.31c0.42,0.163,0.72,0.358,1.035,0.673 c0.315,0.315,0.51,0.615,0.673,1.035c0.123,0.317,0.27,0.794,0.31,1.671c0.043,0.949,0.052,1.234,0.052,3.637 s-0.009,2.688-0.052,3.637c-0.04,0.877-0.187,1.354-0.31,1.671c-0.163,0.42-0.358,0.72-0.673,1.035 c-0.315,0.315-0.615,0.51-1.035,0.673c-0.317,0.123-0.794,0.27-1.671,0.31c-0.949,0.043-1.233,0.052-3.637,0.052 s-2.688-0.009-3.637-0.052c-0.877-0.04-1.354-0.187-1.671-0.31c-0.42-0.163-0.72-0.358-1.035-0.673 c-0.315-0.315-0.51-0.615-0.673-1.035c-0.123-0.317-0.27-0.794-0.31-1.671C4.631,14.688,4.622,14.403,4.622,12 s0.009-2.688,0.052-3.637c0.04-0.877,0.187-1.354,0.31-1.671c0.163-0.42,0.358-0.72,0.673-1.035 c0.315-0.315,0.615-0.51,1.035-0.673c0.317-0.123,0.794-0.27,1.671-0.31C9.312,4.631,9.597,4.622,12,4.622 M12,3 C9.556,3,9.249,3.01,8.289,3.054C7.331,3.098,6.677,3.25,6.105,3.472C5.513,3.702,5.011,4.01,4.511,4.511 c-0.5,0.5-0.808,1.002-1.038,1.594C3.25,6.677,3.098,7.331,3.054,8.289C3.01,9.249,3,9.556,3,12c0,2.444,0.01,2.751,0.054,3.711 c0.044,0.958,0.196,1.612,0.418,2.185c0.23,0.592,0.538,1.094,1.038,1.594c0.5,0.5,1.002,0.808,1.594,1.038 c0.572,0.222,1.227,0.375,2.185,0.418C9.249,20.99,9.556,21,12,21s2.751-0.01,3.711-0.054c0.958-0.044,1.612-0.196,2.185-0.418 c0.592-0.23,1.094-0.538,1.594-1.038c0.5-0.5,0.808-1.002,1.038-1.594c0.222-0.572,0.375-1.227,0.418-2.185 C20.99,14.751,21,14.444,21,12s-0.01-2.751-0.054-3.711c-0.044-0.958-0.196-1.612-0.418-2.185c-0.23-0.592-0.538-1.094-1.038-1.594 c-0.5-0.5-1.002-0.808-1.594-1.038c-0.572-0.222-1.227-0.375-2.185-0.418C14.751,3.01,14.444,3,12,3L12,3z M12,7.378 c-2.552,0-4.622,2.069-4.622,4.622S9.448,16.622,12,16.622s4.622-2.069,4.622-4.622S14.552,7.378,12,7.378z M12,15 c-1.657,0-3-1.343-3-3s1.343-3,3-3s3,1.343,3,3S13.657,15,12,15z M16.804,6.116c-0.596,0-1.08,0.484-1.08,1.08 s0.484,1.08,1.08,1.08c0.596,0,1.08-0.484,1.08-1.08S17.401,6.116,16.804,6.116z\"><\/path><\/svg><span class=\"wp-block-social-link-label screen-reader-text\">Instagram<\/span><\/a><\/li>\n\n<li class=\"wp-social-link wp-social-link-linkedin  wp-block-social-link\"><a rel=\"noopener nofollow\" target=\"_blank\" href=\"https:\/\/www.linkedin.com\/in\/karolina-majer-1ab36211a\/\" class=\"wp-block-social-link-anchor\"><svg width=\"24\" height=\"24\" viewBox=\"0 0 24 24\" version=\"1.1\" xmlns=\"http:\/\/www.w3.org\/2000\/svg\" aria-hidden=\"true\" focusable=\"false\"><path d=\"M19.7,3H4.3C3.582,3,3,3.582,3,4.3v15.4C3,20.418,3.582,21,4.3,21h15.4c0.718,0,1.3-0.582,1.3-1.3V4.3 C21,3.582,20.418,3,19.7,3z M8.339,18.338H5.667v-8.59h2.672V18.338z M7.004,8.574c-0.857,0-1.549-0.694-1.549-1.548 c0-0.855,0.691-1.548,1.549-1.548c0.854,0,1.547,0.694,1.547,1.548C8.551,7.881,7.858,8.574,7.004,8.574z M18.339,18.338h-2.669 v-4.177c0-0.996-0.017-2.278-1.387-2.278c-1.389,0-1.601,1.086-1.601,2.206v4.249h-2.667v-8.59h2.559v1.174h0.037 c0.356-0.675,1.227-1.387,2.526-1.387c2.703,0,3.203,1.779,3.203,4.092V18.338z\"><\/path><\/svg><span class=\"wp-block-social-link-label screen-reader-text\">LinkedIn<\/span><\/a><\/li>\n\n<li class=\"wp-social-link wp-social-link-twitter  wp-block-social-link\"><a rel=\"noopener nofollow\" target=\"_blank\" href=\"https:\/\/mobile.twitter.com\/khaara42\" class=\"wp-block-social-link-anchor\"><svg width=\"24\" height=\"24\" viewBox=\"0 0 24 24\" version=\"1.1\" xmlns=\"http:\/\/www.w3.org\/2000\/svg\" aria-hidden=\"true\" focusable=\"false\"><path d=\"M22.23,5.924c-0.736,0.326-1.527,0.547-2.357,0.646c0.847-0.508,1.498-1.312,1.804-2.27 c-0.793,0.47-1.671,0.812-2.606,0.996C18.324,4.498,17.257,4,16.077,4c-2.266,0-4.103,1.837-4.103,4.103 c0,0.322,0.036,0.635,0.106,0.935C8.67,8.867,5.647,7.234,3.623,4.751C3.27,5.357,3.067,6.062,3.067,6.814 c0,1.424,0.724,2.679,1.825,3.415c-0.673-0.021-1.305-0.206-1.859-0.513c0,0.017,0,0.034,0,0.052c0,1.988,1.414,3.647,3.292,4.023 c-0.344,0.094-0.707,0.144-1.081,0.144c-0.264,0-0.521-0.026-0.772-0.074c0.522,1.63,2.038,2.816,3.833,2.85 c-1.404,1.1-3.174,1.756-5.096,1.756c-0.331,0-0.658-0.019-0.979-0.057c1.816,1.164,3.973,1.843,6.29,1.843 c7.547,0,11.675-6.252,11.675-11.675c0-0.178-0.004-0.355-0.012-0.531C20.985,7.47,21.68,6.747,22.23,5.924z\"><\/path><\/svg><span class=\"wp-block-social-link-label screen-reader-text\">Twitter<\/span><\/a><\/li><\/ul>\n\n\n\n<div class=\"wp-block-group alignfull\"><div class=\"wp-block-group__inner-container is-layout-constrained wp-block-group-is-layout-constrained\">\n<div class=\"wp-block-group alignwide is-nowrap is-layout-flex wp-container-core-group-is-layout-614008f9 wp-block-group-is-layout-flex\" style=\"padding-top:4rem;padding-bottom:4rem\">\n<p class=\"has-text-align-center\" style=\"font-size:16px\">\u00a92021-2022 Karolina Majer<\/p>\n<\/div>\n<\/div><\/div>\n\n\n<ul class=\"wp-block-page-list\"><li class=\"wp-block-pages-list__item\"><a class=\"wp-block-pages-list__item__link\" href=\"https:\/\/karolinamajer.pl\/o-mnie\/akwarela\">akwarela<\/a><\/li><li class=\"wp-block-pages-list__item\"><a class=\"wp-block-pages-list__item__link\" href=\"https:\/\/karolinamajer.pl\/o-mnie\/fotografia\">fotografia<\/a><\/li><li class=\"wp-block-pages-list__item\"><a class=\"wp-block-pages-list__item__link\" href=\"https:\/\/karolinamajer.pl\/o-mnie\/przykladowa-strona\">Kontakt<\/a><\/li><li class=\"wp-block-pages-list__item menu-item-home\"><a class=\"wp-block-pages-list__item__link\" href=\"https:\/\/karolinamajer.pl\/o-mnie\/\">O mnie<\/a><\/li><li class=\"wp-block-pages-list__item\"><a class=\"wp-block-pages-list__item__link\" href=\"https:\/\/karolinamajer.pl\/o-mnie\/polityka-prywatnosci\">Polityka prywatno\u015bci<\/a><\/li><\/ul>","protected":false},"excerpt":{"rendered":"<p>Tworzy g\u0142\u00f3wnie w technice akwareli, cho\u0107 ma w swoim dorobku tak\u017ce oleje, akryle i pastele. Jak m\u00f3wi sama artystka: &#8222;Akwarela fascynuje mnie swoj\u0105 nieprzewidywalno\u015bci\u0105 &#8211; tak jak ludzkie \u017cycie &#8211; nigdy nie mo\u017cna do ko\u0144ca przewidzie\u0107, ani zaplanowa\u0107 finalnego efektu, a b\u0142\u0119du nie da si\u0119 poprawi\u0107&#8221;. Jej malarstwo przesycone jest nastrojem i ulotnym urokiem chwili- &hellip; <\/p>\n","protected":false},"author":1,"featured_media":0,"parent":0,"menu_order":0,"comment_status":"closed","ping_status":"closed","template":"","meta":{"footnotes":""},"class_list":["post-140","page","type-page","status-publish","hentry"],"_links":{"self":[{"href":"https:\/\/karolinamajer.pl\/o-mnie\/wp-json\/wp\/v2\/pages\/140","targetHints":{"allow":["GET"]}}],"collection":[{"href":"https:\/\/karolinamajer.pl\/o-mnie\/wp-json\/wp\/v2\/pages"}],"about":[{"href":"https:\/\/karolinamajer.pl\/o-mnie\/wp-json\/wp\/v2\/types\/page"}],"author":[{"embeddable":true,"href":"https:\/\/karolinamajer.pl\/o-mnie\/wp-json\/wp\/v2\/users\/1"}],"replies":[{"embeddable":true,"href":"https:\/\/karolinamajer.pl\/o-mnie\/wp-json\/wp\/v2\/comments?post=140"}],"version-history":[{"count":9,"href":"https:\/\/karolinamajer.pl\/o-mnie\/wp-json\/wp\/v2\/pages\/140\/revisions"}],"predecessor-version":[{"id":238,"href":"https:\/\/karolinamajer.pl\/o-mnie\/wp-json\/wp\/v2\/pages\/140\/revisions\/238"}],"wp:attachment":[{"href":"https:\/\/karolinamajer.pl\/o-mnie\/wp-json\/wp\/v2\/media?parent=140"}],"curies":[{"name":"wp","href":"https:\/\/api.w.org\/{rel}","templated":true}]}}